{"id":544,"date":"2024-06-28T14:17:35","date_gmt":"2024-06-28T14:17:35","guid":{"rendered":"https:\/\/prfv.gt\/?post_type=product&#038;p=544"},"modified":"2024-07-30T22:25:36","modified_gmt":"2024-07-30T22:25:36","slug":"lavadero-con-faldon-en-l","status":"publish","type":"product","link":"https:\/\/prfv.gt\/index.php\/producto\/lavadero-con-faldon-en-l\/","title":{"rendered":"LAVADERO CON FALD\u00d3N EN L"},"content":{"rendered":"<h6>LADO DE FALD\u00d3N EN L, A ELEGIR LADO SEGUN INTER\u00c9S,\u00a0 ALTO 20CM<\/h6>\n","protected":false},"excerpt":{"rendered":"<h6>LADO DE FALD\u00d3N EN L,<\/h6>\n<h6>A ELEGIR LADO SEGUN INTER\u00c9S,<\/h6>\n<h6>ALTO 20CM<\/h6>\n","protected":false},"featured_media":81,"comment_status":"open","ping_status":"closed","template":"","meta":[],"product_cat":[21],"product_tag":[22],"class_list":{"0":"post-544","1":"product","2":"type-product","3":"status-publish","4":"has-post-thumbnail","6":"product_cat-lavadero","7":"product_tag-lavadero","9":"first","10":"instock","11":"shipping-taxable","12":"product-type-simple"},"yoast_head":"<!-- This site is optimized with the Yoast SEO plugin v23.4 - https:\/\/yoast.com\/wordpress\/plugins\/seo\/ -->\n<title>LAVADERO CON FALD\u00d3N EN L - Fibertech<\/title>\n<meta name=\"robots\" content=\"index, follow, max-snippet:-1, max-image-preview:large, max-video-preview:-1\" \/>\n<link rel=\"canonical\" href=\"https:\/\/prfv.gt\/index.php\/producto\/lavadero-con-faldon-en-l\/\" \/>\n<meta property=\"og:locale\" content=\"es_ES\" \/>\n<meta property=\"og:type\" content=\"article\" \/>\n<meta property=\"og:title\" content=\"LAVADERO CON FALD\u00d3N EN L - Fibertech\" \/>\n<meta property=\"og:description\" content=\"LADO DE FALD\u00d3N EN L, A ELEGIR LADO SEGUN INTER\u00c9S, ALTO 20CM\" \/>\n<meta property=\"og:url\" content=\"https:\/\/prfv.gt\/index.php\/producto\/lavadero-con-faldon-en-l\/\" \/>\n<meta property=\"og:site_name\" content=\"Fibertech\" \/>\n<meta property=\"article:modified_time\" content=\"2024-07-30T22:25:36+00:00\" \/>\n<meta property=\"og:image\" content=\"https:\/\/prfv.gt\/wp-content\/uploads\/2024\/05\/faldon-l.png\" \/>\n\t<meta property=\"og:image:width\" content=\"770\" \/>\n\t<meta property=\"og:image:height\" content=\"526\" \/>\n\t<meta property=\"og:image:type\" content=\"image\/png\" \/>\n<meta name=\"twitter:card\" content=\"summary_large_image\" \/>\n<meta name=\"twitter:label1\" content=\"Tiempo de lectura\" \/>\n\t<meta name=\"twitter:data1\" content=\"1 minuto\" \/>\n<script type=\"application\/ld+json\" class=\"yoast-schema-graph\">{\"@context\":\"https:\/\/schema.org\",\"@graph\":[{\"@type\":\"WebPage\",\"@id\":\"https:\/\/prfv.gt\/index.php\/producto\/lavadero-con-faldon-en-l\/\",\"url\":\"https:\/\/prfv.gt\/index.php\/producto\/lavadero-con-faldon-en-l\/\",\"name\":\"LAVADERO CON FALD\u00d3N EN L - Fibertech\",\"isPartOf\":{\"@id\":\"https:\/\/prfv.gt\/#website\"},\"primaryImageOfPage\":{\"@id\":\"https:\/\/prfv.gt\/index.php\/producto\/lavadero-con-faldon-en-l\/#primaryimage\"},\"image\":{\"@id\":\"https:\/\/prfv.gt\/index.php\/producto\/lavadero-con-faldon-en-l\/#primaryimage\"},\"thumbnailUrl\":\"https:\/\/prfv.gt\/wp-content\/uploads\/2024\/05\/faldon-l.png\",\"datePublished\":\"2024-06-28T14:17:35+00:00\",\"dateModified\":\"2024-07-30T22:25:36+00:00\",\"breadcrumb\":{\"@id\":\"https:\/\/prfv.gt\/index.php\/producto\/lavadero-con-faldon-en-l\/#breadcrumb\"},\"inLanguage\":\"es\",\"potentialAction\":[{\"@type\":\"ReadAction\",\"target\":[\"https:\/\/prfv.gt\/index.php\/producto\/lavadero-con-faldon-en-l\/\"]}]},{\"@type\":\"ImageObject\",\"inLanguage\":\"es\",\"@id\":\"https:\/\/prfv.gt\/index.php\/producto\/lavadero-con-faldon-en-l\/#primaryimage\",\"url\":\"https:\/\/prfv.gt\/wp-content\/uploads\/2024\/05\/faldon-l.png\",\"contentUrl\":\"https:\/\/prfv.gt\/wp-content\/uploads\/2024\/05\/faldon-l.png\",\"width\":770,\"height\":526},{\"@type\":\"BreadcrumbList\",\"@id\":\"https:\/\/prfv.gt\/index.php\/producto\/lavadero-con-faldon-en-l\/#breadcrumb\",\"itemListElement\":[{\"@type\":\"ListItem\",\"position\":1,\"name\":\"Portada\",\"item\":\"https:\/\/prfv.gt\/\"},{\"@type\":\"ListItem\",\"position\":2,\"name\":\"Tienda\",\"item\":\"https:\/\/prfv.gt\/index.php\/tienda\/\"},{\"@type\":\"ListItem\",\"position\":3,\"name\":\"LAVADERO CON FALD\u00d3N EN L\"}]},{\"@type\":\"WebSite\",\"@id\":\"https:\/\/prfv.gt\/#website\",\"url\":\"https:\/\/prfv.gt\/\",\"name\":\"Fibertech\",\"description\":\"\",\"potentialAction\":[{\"@type\":\"SearchAction\",\"target\":{\"@type\":\"EntryPoint\",\"urlTemplate\":\"https:\/\/prfv.gt\/?s={search_term_string}\"},\"query-input\":{\"@type\":\"PropertyValueSpecification\",\"valueRequired\":true,\"valueName\":\"search_term_string\"}}],\"inLanguage\":\"es\"}]}<\/script>\n<!-- \/ Yoast SEO plugin. -->","yoast_head_json":{"title":"LAVADERO CON FALD\u00d3N EN L - Fibertech","robots":{"index":"index","follow":"follow","max-snippet":"max-snippet:-1","max-image-preview":"max-image-preview:large","max-video-preview":"max-video-preview:-1"},"canonical":"https:\/\/prfv.gt\/index.php\/producto\/lavadero-con-faldon-en-l\/","og_locale":"es_ES","og_type":"article","og_title":"LAVADERO CON FALD\u00d3N EN L - Fibertech","og_description":"LADO DE FALD\u00d3N EN L, A ELEGIR LADO SEGUN INTER\u00c9S, ALTO 20CM","og_url":"https:\/\/prfv.gt\/index.php\/producto\/lavadero-con-faldon-en-l\/","og_site_name":"Fibertech","article_modified_time":"2024-07-30T22:25:36+00:00","og_image":[{"width":770,"height":526,"url":"https:\/\/prfv.gt\/wp-content\/uploads\/2024\/05\/faldon-l.png","type":"image\/png"}],"twitter_card":"summary_large_image","twitter_misc":{"Tiempo de lectura":"1 minuto"},"schema":{"@context":"https:\/\/schema.org","@graph":[{"@type":"WebPage","@id":"https:\/\/prfv.gt\/index.php\/producto\/lavadero-con-faldon-en-l\/","url":"https:\/\/prfv.gt\/index.php\/producto\/lavadero-con-faldon-en-l\/","name":"LAVADERO CON FALD\u00d3N EN L - Fibertech","isPartOf":{"@id":"https:\/\/prfv.gt\/#website"},"primaryImageOfPage":{"@id":"https:\/\/prfv.gt\/index.php\/producto\/lavadero-con-faldon-en-l\/#primaryimage"},"image":{"@id":"https:\/\/prfv.gt\/index.php\/producto\/lavadero-con-faldon-en-l\/#primaryimage"},"thumbnailUrl":"https:\/\/prfv.gt\/wp-content\/uploads\/2024\/05\/faldon-l.png","datePublished":"2024-06-28T14:17:35+00:00","dateModified":"2024-07-30T22:25:36+00:00","breadcrumb":{"@id":"https:\/\/prfv.gt\/index.php\/producto\/lavadero-con-faldon-en-l\/#breadcrumb"},"inLanguage":"es","potentialAction":[{"@type":"ReadAction","target":["https:\/\/prfv.gt\/index.php\/producto\/lavadero-con-faldon-en-l\/"]}]},{"@type":"ImageObject","inLanguage":"es","@id":"https:\/\/prfv.gt\/index.php\/producto\/lavadero-con-faldon-en-l\/#primaryimage","url":"https:\/\/prfv.gt\/wp-content\/uploads\/2024\/05\/faldon-l.png","contentUrl":"https:\/\/prfv.gt\/wp-content\/uploads\/2024\/05\/faldon-l.png","width":770,"height":526},{"@type":"BreadcrumbList","@id":"https:\/\/prfv.gt\/index.php\/producto\/lavadero-con-faldon-en-l\/#breadcrumb","itemListElement":[{"@type":"ListItem","position":1,"name":"Portada","item":"https:\/\/prfv.gt\/"},{"@type":"ListItem","position":2,"name":"Tienda","item":"https:\/\/prfv.gt\/index.php\/tienda\/"},{"@type":"ListItem","position":3,"name":"LAVADERO CON FALD\u00d3N EN L"}]},{"@type":"WebSite","@id":"https:\/\/prfv.gt\/#website","url":"https:\/\/prfv.gt\/","name":"Fibertech","description":"","potentialAction":[{"@type":"SearchAction","target":{"@type":"EntryPoint","urlTemplate":"https:\/\/prfv.gt\/?s={search_term_string}"},"query-input":{"@type":"PropertyValueSpecification","valueRequired":true,"valueName":"search_term_string"}}],"inLanguage":"es"}]}},"jetpack_sharing_enabled":true,"_links":{"self":[{"href":"https:\/\/prfv.gt\/index.php\/wp-json\/wp\/v2\/product\/544","targetHints":{"allow":["GET"]}}],"collection":[{"href":"https:\/\/prfv.gt\/index.php\/wp-json\/wp\/v2\/product"}],"about":[{"href":"https:\/\/prfv.gt\/index.php\/wp-json\/wp\/v2\/types\/product"}],"replies":[{"embeddable":true,"href":"https:\/\/prfv.gt\/index.php\/wp-json\/wp\/v2\/comments?post=544"}],"wp:featuredmedia":[{"embeddable":true,"href":"https:\/\/prfv.gt\/index.php\/wp-json\/wp\/v2\/media\/81"}],"wp:attachment":[{"href":"https:\/\/prfv.gt\/index.php\/wp-json\/wp\/v2\/media?parent=544"}],"wp:term":[{"taxonomy":"product_cat","embeddable":true,"href":"https:\/\/prfv.gt\/index.php\/wp-json\/wp\/v2\/product_cat?post=544"},{"taxonomy":"product_tag","embeddable":true,"href":"https:\/\/prfv.gt\/index.php\/wp-json\/wp\/v2\/product_tag?post=544"}],"curies":[{"name":"wp","href":"https:\/\/api.w.org\/{rel}","templated":true}]}}